{"id":569,"date":"2024-08-10T21:57:57","date_gmt":"2024-08-10T19:57:57","guid":{"rendered":"https:\/\/pawelbielsko.sacio.pl\/?page_id=569"},"modified":"2025-06-24T16:28:04","modified_gmt":"2025-06-24T14:28:04","slug":"standardy-ochrony-maloletnich","status":"publish","type":"page","link":"https:\/\/parafiaswpawla.pl\/index.php\/standardy-ochrony-maloletnich\/","title":{"rendered":"Standardy ochrony ma\u0142oletnich"},"content":{"rendered":"\n<p class=\"has-text-align-center\"><strong>Standardy ochrony dzieci&nbsp;<\/strong><\/p>\n\n\n\n<p class=\"has-text-align-center\"><strong>w parafii Rzymskokatolickiej pw.<\/strong><\/p>\n\n\n\n<p class=\"has-text-align-center\"><strong>&nbsp;\u015bw. Paw\u0142a Aposto\u0142a w Bielsku-Bia\u0142ej<\/strong><\/p>\n\n\n<div class=\"igd igd-shortcode-wrap igd-shortcode-embed\"><div class=\"igd-embed-wrap\"><iframe loading=\"lazy\" class=\"igd-embed\" src=\"https:\/\/drive.google.com\/file\/d\/1aIJPkgNLRqVm5PKfL871LL5OY9pcRRni\/preview?rm=minimal\" frameborder=\"0\" width=\"100%\" height=\"\" referrerpolicy=\"no-referrer\" allow=\"autoplay\" allowfullscreen sandbox=\"allow-same-origin allow-scripts allow-popups allow-forms\"><\/iframe><\/div><\/div>\n\n\n<p class=\"has-text-align-center\">Poni\u017cej kontakt do os\u00f3b zaufania:<\/p>\n\n\n\n<p class=\"has-text-align-center\">&#8211; Pani <strong>Ewa Turkowska<\/strong>: ewa.turkowska@pomagamy.com.pl<br>&#8211; Pani <strong>Katarzyna Koch<\/strong>: katarzyna.koch@pomagamy.com.pl<\/p>\n","protected":false},"excerpt":{"rendered":"<p>Standardy ochrony dzieci&nbsp; w parafii Rzymskokatolickiej pw. &nbsp;\u015bw. Paw\u0142a Aposto\u0142a w Bielsku-Bia\u0142ej Poni\u017cej kontakt do os\u00f3b zaufania: &#8211; Pani Ewa Turkowska: ewa.turkowska@pomagamy.com.pl&#8211; Pani Katarzyna Koch: katarzyna.koch@pomagamy.com.pl<\/p>\n","protected":false},"author":1,"featured_media":0,"parent":0,"menu_order":0,"comment_status":"closed","ping_status":"closed","template":"","meta":{"footnotes":""},"class_list":["post-569","page","type-page","status-publish","hentry"],"_links":{"self":[{"href":"https:\/\/parafiaswpawla.pl\/index.php\/wp-json\/wp\/v2\/pages\/569","targetHints":{"allow":["GET"]}}],"collection":[{"href":"https:\/\/parafiaswpawla.pl\/index.php\/wp-json\/wp\/v2\/pages"}],"about":[{"href":"https:\/\/parafiaswpawla.pl\/index.php\/wp-json\/wp\/v2\/types\/page"}],"author":[{"embeddable":true,"href":"https:\/\/parafiaswpawla.pl\/index.php\/wp-json\/wp\/v2\/users\/1"}],"replies":[{"embeddable":true,"href":"https:\/\/parafiaswpawla.pl\/index.php\/wp-json\/wp\/v2\/comments?post=569"}],"version-history":[{"count":4,"href":"https:\/\/parafiaswpawla.pl\/index.php\/wp-json\/wp\/v2\/pages\/569\/revisions"}],"predecessor-version":[{"id":814,"href":"https:\/\/parafiaswpawla.pl\/index.php\/wp-json\/wp\/v2\/pages\/569\/revisions\/814"}],"wp:attachment":[{"href":"https:\/\/parafiaswpawla.pl\/index.php\/wp-json\/wp\/v2\/media?parent=569"}],"curies":[{"name":"wp","href":"https:\/\/api.w.org\/{rel}","templated":true}]}}