{"id":508,"date":"2024-05-08T13:54:44","date_gmt":"2024-05-08T11:54:44","guid":{"rendered":"https:\/\/pawelbielsko.sacio.pl\/?page_id=508"},"modified":"2025-11-25T17:57:43","modified_gmt":"2025-11-25T15:57:43","slug":"wspolnota-ewangelizacyjna-sw-pawla-w-bielsku-bialej","status":"publish","type":"page","link":"https:\/\/parafiaswpawla.pl\/index.php\/wspolnota-ewangelizacyjna-sw-pawla-w-bielsku-bialej\/","title":{"rendered":"Wsp\u00f3lnota Ewangelizacyjna \u015aw. Paw\u0142a w Bielsku Bia\u0142ej"},"content":{"rendered":"\n<p>Jeste\u015bmy wsp\u00f3lnot\u0105 katolick\u0105. Od 2023 r. spotykamy si\u0119 w parafii \u015bw. Paw\u0142a Aposto\u0142a w Bielsku-Bia\u0142ej. Formujemy si\u0119 pod opiek\u0105 ks. wikarego: Przemys\u0142awa Guziora. Wielu z nas wywodzi si\u0119 z Ruchu: \u015awiat\u0142o &#8211; \u017bycie. Wzrastamy w nurcie szk\u00f3\u0142 Nowej Ewangelizacji oraz Szk\u00f3\u0142 \u015aw. Andrzeja. Nasza wsp\u00f3lnota, to osoby w r\u00f3\u017cnym wieku. Formujemy si\u0119 poprzez:<\/p>\n\n\n\n<ul class=\"wp-block-list\">\n<li>Czytanie Pisma \u015awi\u0119tego<\/li>\n\n\n\n<li>Adoracj\u0119 Naj\u015bwi\u0119tszego Sakramentu i radosne uwielbienie<\/li>\n\n\n\n<li>S\u0142uchanie konferencji w Szkole Uczniostwa<\/li>\n\n\n\n<li>Comiesi\u0119czn\u0105 Eucharysti\u0119 z modlitw\u0105 o uzdrowienie duszy i cia\u0142a<\/li>\n\n\n\n<li>Wsp\u00f3lne spotkania towarzyskie<\/li>\n\n\n\n<li>Kursy i spotkania organizowane przez zaprzyja\u017anione wsp\u00f3lnoty<\/li>\n<\/ul>\n\n\n\n<p>Spotykamy si\u0119 w ka\u017cdy Czwartek o 19:15 w kaplicy ko\u015bcio\u0142a \u015aw. Paw\u0142a w Bielsku-Bia\u0142ej. Nasze spotkania s\u0105 otwarte, wi\u0119c ka\u017cdego serdecznie zapraszamy.<\/p>\n\n\n                <div class=\"igd igd-shortcode-wrap igd-shortcode-gallery\"\n                     data-shortcode-data=\"eyJ0eXBlIjoiZ2FsbGVyeSIsImlkIjozNywidGl0bGUiOiJNb2R1bGUgKCMzNykgLSBHYWxsZXJ5ICAtIFN0cm9uYSAoIzUwOCkiLCJmb2xkZXJzIjpbeyJpZCI6IjFhcnJsNVNDR1ZkV3VYdlNmYndvV3liVGMxbDhXbGJJcyIsIm5hbWUiOiJTcG90a2FuaWEgd3NwXHUwMGYzbG5vdHkgMjAyNTA2LmpwZyIsInR5cGUiOiJpbWFnZVwvanBlZyIsInNpemUiOiIyODgwNTAiLCJpY29uTGluayI6Imh0dHBzOlwvXC9kcml2ZS10aGlyZHBhcnR5Lmdvb2dsZXVzZXJjb250ZW50LmNvbVwvMTZcL3R5cGVcL2ltYWdlXC9qcGVnIiwidGh1bWJuYWlsTGluayI6Imh0dHBzOlwvXC9saDMuZ29vZ2xldXNlcmNvbnRlbnQuY29tXC9kcml2ZS1zdG9yYWdlXC9BSlFXdEJQeG5GcWdhQUJQZEFXbk1HY2kyTVQ3QWE2UlhvZzdaZW8xU2J3RVBnRlJpa1BWdE85U00tdkVPejRleDBEWGd4UTZBLTNaSjVNNTczQkJ2T05kVnRwcnlvVnJsWXVXYVEwWDdFa05jazR1WFBBPXMyMjAiLCJ3ZWJWaWV3TGluayI6Imh0dHBzOlwvXC9kcml2ZS5nb29nbGUuY29tXC9maWxlXC9kXC8xYXJybDVTQ0dWZFd1WHZTZmJ3b1d5YlRjMWw4V2xiSXNcL3ZpZXc\/dXNwPWRyaXZlc2RrIiwid2ViQ29udGVudExpbmsiOiJodHRwczpcL1wvZHJpdmUuZ29vZ2xlLmNvbVwvdWM\/aWQ9MWFycmw1U0NHVmRXdVh2U2Zid29XeWJUYzFsOFdsYklzJmV4cG9ydD1kb3dubG9hZCIsImNyZWF0ZWQiOiIyMDI1LTA5LTIzVDE4OjI5OjA0LjkwNFoiLCJ1cGRhdGVkIjoiMjAyNS0wOS0yM1QxODoyNDo0Ni4wMDBaIiwiZGVzY3JpcHRpb24iOm51bGwsInNoYXJlZCI6dHJ1ZSwic2hhcmVkV2l0aE1lVGltZSI6bnVsbCwiZXh0ZW5zaW9uIjoianBnIiwicmVzb3VyY2VLZXkiOm51bGwsImNvcHlSZXF1aXJlc1dyaXRlclBlcm1pc3Npb24iOmZhbHNlLCJzdGFycmVkIjpmYWxzZSwiZXhwb3J0TGlua3MiOm51bGwsImFjY291bnRJZCI6IjA5ODcxMjM0MDY0NTYyNTI2MzM5IiwicGFyZW50cyI6WyIxYUJLdmhMOXFSM1dPb1o0WGJPbHFXV0VCRjFEU3FPYlQiXSwicGVybWlzc2lvbnMiOnsiY2FuUHJldmlldyI6dHJ1ZSwiY2FuRG93bmxvYWQiOnRydWUsImNhbkVkaXQiOmZhbHNlLCJjYW5EZWxldGUiOnRydWUsImNhblRyYXNoIjp0cnVlLCJjYW5Nb3ZlIjp0cnVlLCJjYW5SZW5hbWUiOnRydWUsImNhblNoYXJlIjp0cnVlLCJjb3B5UmVxdWlyZXNXcml0ZXJQZXJtaXNzaW9uIjpmYWxzZSwiY2FuQ2hhbmdlQ29weVJlcXVpcmVzV3JpdGVyUGVybWlzc2lvbiI6bnVsbCwidXNlcnMiOnsiMTQ4Nzk0MjAzNjgxMzk5MTIyNTkiOnsidHlwZSI6InVzZXIiLCJyb2xlIjoid3JpdGVyIiwiZG9tYWluIjpudWxsfSwiMDM4Njc1MTU3NzczNzM0ODI5MzEiOnsidHlwZSI6InVzZXIiLCJyb2xlIjoid3JpdGVyIiwiZG9tYWluIjpudWxsfSwiMDk4NzEyMzQwNjQ1NjI1MjYzMzkiOnsidHlwZSI6InVzZXIiLCJyb2xlIjoib3duZXIiLCJkb21haW4iOm51bGx9LCIwODQyMTk3MDI2MzI0MTc3NDE2MyI6eyJ0eXBlIjoidXNlciIsInJvbGUiOiJ3cml0ZXIiLCJkb21haW4iOm51bGx9fX0sImV4cG9ydEFzIjpbXSwibWV0YURhdGEiOnsid2lkdGgiOjE0MTQsImhlaWdodCI6MjAwMH0sImlzRm9sZGVyIjpmYWxzZX0seyJpZCI6IjFFQmZMYVl1VlRtQ1FWTG4yblUwUzY5SDlOZXlDWWNObSIsIm5hbWUiOiJNb1UyMDI1MTAzMCBXc3BcdTAwZjNsbm90YSBcdTAxNWJ3LiBQYXdcdTAxNDJhIEJCLmpwZyIsInR5cGUiOiJpbWFnZVwvanBlZyIsInNpemUiOiI1Mjc4NDAiLCJpY29uTGluayI6Imh0dHBzOlwvXC9kcml2ZS10aGlyZHBhcnR5Lmdvb2dsZXVzZXJjb250ZW50LmNvbVwvMTZcL3R5cGVcL2ltYWdlXC9qcGVnIiwidGh1bWJuYWlsTGluayI6Imh0dHBzOlwvXC9saDMuZ29vZ2xldXNlcmNvbnRlbnQuY29tXC9kcml2ZS1zdG9yYWdlXC9BSlFXdEJNTF9BQlNzaE5IY2luS3RUMDNILV9tY1BQM1lRQTdCVTJEM3FEbEZIMjBZQ2VZOEdaLTZUS3FSR2hldVBSMWliYUUzeWtmWFN5TTVkN3lFMWEzbjlHRW5JVWFXb2RTdHJsMHF0ZVN3X0t6Unc9czIyMCIsIndlYlZpZXdMaW5rIjoiaHR0cHM6XC9cL2RyaXZlLmdvb2dsZS5jb21cL2ZpbGVcL2RcLzFFQmZMYVl1VlRtQ1FWTG4yblUwUzY5SDlOZXlDWWNObVwvdmlldz91c3A9ZHJpdmVzZGsiLCJ3ZWJDb250ZW50TGluayI6Imh0dHBzOlwvXC9kcml2ZS5nb29nbGUuY29tXC91Yz9pZD0xRUJmTGFZdVZUbUNRVkxuMm5VMFM2OUg5TmV5Q1ljTm0mZXhwb3J0PWRvd25sb2FkIiwiY3JlYXRlZCI6IjIwMjUtMTAtMjVUMTI6MDE6MzguMTM2WiIsInVwZGF0ZWQiOiIyMDI1LTEwLTI1VDExOjMxOjA2LjAwMFoiLCJkZXNjcmlwdGlvbiI6bnVsbCwic2hhcmVkIjp0cnVlLCJzaGFyZWRXaXRoTWVUaW1lIjpudWxsLCJleHRlbnNpb24iOiJqcGciLCJyZXNvdXJjZUtleSI6bnVsbCwiY29weVJlcXVpcmVzV3JpdGVyUGVybWlzc2lvbiI6ZmFsc2UsInN0YXJyZWQiOmZhbHNlLCJleHBvcnRMaW5rcyI6bnVsbCwiYWNjb3VudElkIjoiMDk4NzEyMzQwNjQ1NjI1MjYzMzkiLCJwYXJlbnRzIjpbIjFhQkt2aEw5cVIzV09vWjRYYk9scVdXRUJGMURTcU9iVCJdLCJwZXJtaXNzaW9ucyI6eyJjYW5QcmV2aWV3Ijp0cnVlLCJjYW5Eb3dubG9hZCI6dHJ1ZSwiY2FuRWRpdCI6ZmFsc2UsImNhbkRlbGV0ZSI6dHJ1ZSwiY2FuVHJhc2giOnRydWUsImNhbk1vdmUiOnRydWUsImNhblJlbmFtZSI6dHJ1ZSwiY2FuU2hhcmUiOnRydWUsImNvcHlSZXF1aXJlc1dyaXRlclBlcm1pc3Npb24iOmZhbHNlLCJjYW5DaGFuZ2VDb3B5UmVxdWlyZXNXcml0ZXJQZXJtaXNzaW9uIjpudWxsLCJ1c2VycyI6eyIxNDg3OTQyMDM2ODEzOTkxMjI1OSI6eyJ0eXBlIjoidXNlciIsInJvbGUiOiJ3cml0ZXIiLCJkb21haW4iOm51bGx9LCIwMzg2NzUxNTc3NzM3MzQ4MjkzMSI6eyJ0eXBlIjoidXNlciIsInJvbGUiOiJ3cml0ZXIiLCJkb21haW4iOm51bGx9LCIwOTg3MTIzNDA2NDU2MjUyNjMzOSI6eyJ0eXBlIjoidXNlciIsInJvbGUiOiJvd25lciIsImRvbWFpbiI6bnVsbH0sIjA4NDIxOTcwMjYzMjQxNzc0MTYzIjp7InR5cGUiOiJ1c2VyIiwicm9sZSI6IndyaXRlciIsImRvbWFpbiI6bnVsbH19fSwiZXhwb3J0QXMiOltdLCJtZXRhRGF0YSI6eyJ3aWR0aCI6MTQxNCwiaGVpZ2h0IjoyMDAwfSwiaXNGb2xkZXIiOmZhbHNlfV0sIm5vbmNlIjoiYTg4MWNjOWJjZSIsInByZXZpZXciOnRydWUsImRvd25sb2FkIjp0cnVlLCJjYW5EZWxldGUiOmZhbHNlLCJyZW5hbWUiOmZhbHNlLCJ1cGxvYWQiOmZhbHNlLCJuZXdGb2xkZXIiOmZhbHNlLCJtb3ZlQ29weSI6ZmFsc2UsImFsbG93U2hhcmUiOmZhbHNlLCJhbGxvd1NlYXJjaCI6ZmFsc2UsImNyZWF0ZURvYyI6ZmFsc2UsImVkaXQiOmZhbHNlLCJjb3B5TGluayI6ZmFsc2UsImRldGFpbHMiOmZhbHNlLCJjb21tZW50IjpmYWxzZSwicGhvdG9Qcm9vZiI6ZmFsc2UsImZpbHRlcnMiOnsiYWxsb3dFeHRlbnNpb25zIjoiIiwiYWxsb3dBbGxFeHRlbnNpb25zIjpmYWxzZSwiYWxsb3dFeGNlcHRFeHRlbnNpb25zIjoiIiwiYWxsb3dOYW1lcyI6IiIsImFsbG93QWxsTmFtZXMiOiIiLCJhbGxvd0V4Y2VwdE5hbWVzIjoiIiwibmFtZUZpbHRlck9wdGlvbnMiOlsiZmlsZXMiXSwic2hvd0ZpbGVzIjp0cnVlLCJzaG93Rm9sZGVycyI6dHJ1ZSwiaXNHYWxsZXJ5Ijp0cnVlfSwiYWNjb3VudHMiOnsiMDk4NzEyMzQwNjQ1NjI1MjYzMzkiOnsiaWQiOiIwOTg3MTIzNDA2NDU2MjUyNjMzOSIsIm5hbWUiOiIiLCJlbWFpbCI6IiIsInBob3RvIjoiaHR0cHM6XC9cL2xoMy5nb29nbGV1c2VyY29udGVudC5jb21cL2FcL0FDZzhvY0t6a05rTXczTWhDbUd1VUwtWVl4Tlh4OWhFcXE0bFVRbzJDeXpMT3d3allTRl9iMkdzPXM2NCIsInN0b3JhZ2UiOnsidXNhZ2UiOiI0NDUwNjY1NzUzIiwibGltaXQiOiIxNjEwNjEyNzM2MCJ9LCJsb3N0IjpmYWxzZSwicm9vdF9pZCI6IjBBT3M0S1FleUpYNzBVazlQVkEiLCJ1c2VyX2lkIjpbImFkbWluIl0sImlzX2xvc3QiOmZhbHNlfX0sImFjY291bnQiOnsiaWQiOiIwOTg3MTIzNDA2NDU2MjUyNjMzOSIsIm5hbWUiOiJQYXdlXHUwMTQyIEJpZWxza28iLCJlbWFpbCI6InBhcmFmaWFwYXdlbGJpZWxza29AZ21haWwuY29tIiwicGhvdG8iOiJodHRwczpcL1wvbGgzLmdvb2dsZXVzZXJjb250ZW50LmNvbVwvYVwvQUNnOG9jS3prTmtNdzNNaENtR3VVTC1ZWXhOWHg5aEVxcTRsVVFvMkN5ekxPd3dqWVNGX2IyR3M9czY0Iiwic3RvcmFnZSI6eyJ1c2FnZSI6IjQ0NTA2NjU3NTMiLCJsaW1pdCI6IjE2MTA2MTI3MzYwIn0sImxvc3QiOmZhbHNlLCJyb290X2lkIjoiMEFPczRLUWV5Slg3MFVrOVBWQSIsInVzZXJfaWQiOlsiYWRtaW4iXSwiaXNfbG9zdCI6ZmFsc2V9fQ==\"\n                     style=\"--module-width: 100%; --module-height: ;\"\n                ><\/div>\n                \n\n                <div class=\"igd igd-shortcode-wrap igd-shortcode-gallery\"\n                     data-shortcode-data=\"eyJzdGF0dXMiOiJvbiIsInR5cGUiOiJnYWxsZXJ5IiwiZm9sZGVycyI6W3siaWQiOiIxcTY2N3hURmtCVXQ1V3FwcVdsTXpDX1I1WnJsRU5ucXMiLCJuYW1lIjoiV3NwXHUwMGYzbG5vdGEzLmpwZyIsInR5cGUiOiJpbWFnZVwvanBlZyIsInNpemUiOiIxMTI5MzM4IiwiaWNvbkxpbmsiOiJodHRwczpcL1wvZHJpdmUtdGhpcmRwYXJ0eS5nb29nbGV1c2VyY29udGVudC5jb21cLzE2XC90eXBlXC9pbWFnZVwvanBlZyIsInRodW1ibmFpbExpbmsiOiJodHRwczpcL1wvbGgzLmdvb2dsZXVzZXJjb250ZW50LmNvbVwvZHJpdmUtc3RvcmFnZVwvQUpRV3RCTzdmc0FhYjgyUEFhXzBOSmFrb2NuaHA3WHBSRmE4MndzVzVJUXExRkRlZmNTWE55YkxSLUlUajN6bzZVVUxmdVJfU3h6REdIbk9YVHRfckNoRWlPazJLQWFmYndyQW1RUVN2aU9Bdkk2R053RT1zMjIwIiwid2ViVmlld0xpbmsiOiJodHRwczpcL1wvZHJpdmUuZ29vZ2xlLmNvbVwvZmlsZVwvZFwvMXE2Njd4VEZrQlV0NVdxcHFXbE16Q19SNVpybEVObnFzXC92aWV3P3VzcD1kcml2ZXNkayIsIndlYkNvbnRlbnRMaW5rIjoiaHR0cHM6XC9cL2RyaXZlLmdvb2dsZS5jb21cL3VjP2lkPTFxNjY3eFRGa0JVdDVXcXBxV2xNekNfUjVacmxFTm5xcyZleHBvcnQ9ZG93bmxvYWQiLCJjcmVhdGVkIjoiMjAyNC0wNS0yMlQxNDowOTowMy4yNjZaIiwidXBkYXRlZCI6IjIwMjQtMDUtMjJUMTQ6MDg6NTMuMDAwWiIsImRlc2NyaXB0aW9uIjpudWxsLCJzaGFyZWQiOnRydWUsInNoYXJlZFdpdGhNZVRpbWUiOm51bGwsImV4dGVuc2lvbiI6ImpwZyIsInJlc291cmNlS2V5IjpudWxsLCJjb3B5UmVxdWlyZXNXcml0ZXJQZXJtaXNzaW9uIjpmYWxzZSwic3RhcnJlZCI6ZmFsc2UsImV4cG9ydExpbmtzIjpudWxsLCJhY2NvdW50SWQiOiIwOTg3MTIzNDA2NDU2MjUyNjMzOSIsInBhcmVudHMiOlsiMUJTRGNpQWV4Y3ZnR1ozVUtUVkVzS0tlMWVidHBVajAxIl0sInBlcm1pc3Npb25zIjp7ImNhblByZXZpZXciOnRydWUsImNhbkRvd25sb2FkIjp0cnVlLCJjYW5FZGl0IjpmYWxzZSwiY2FuRGVsZXRlIjp0cnVlLCJjYW5UcmFzaCI6dHJ1ZSwiY2FuTW92ZSI6dHJ1ZSwiY2FuUmVuYW1lIjp0cnVlLCJjYW5TaGFyZSI6dHJ1ZSwiY29weVJlcXVpcmVzV3JpdGVyUGVybWlzc2lvbiI6ZmFsc2UsImNhbkNoYW5nZUNvcHlSZXF1aXJlc1dyaXRlclBlcm1pc3Npb24iOm51bGwsInVzZXJzIjp7IjA4OTU0OTIzNTY3NzY2NjAyODk0Ijp7InR5cGUiOiJ1c2VyIiwicm9sZSI6IndyaXRlciIsImRvbWFpbiI6bnVsbH0sIjE0ODc5NDIwMzY4MTM5OTEyMjU5Ijp7InR5cGUiOiJ1c2VyIiwicm9sZSI6IndyaXRlciIsImRvbWFpbiI6bnVsbH0sIjAzODY3NTE1Nzc3MzczNDgyOTMxIjp7InR5cGUiOiJ1c2VyIiwicm9sZSI6IndyaXRlciIsImRvbWFpbiI6bnVsbH0sIjA5ODcxMjM0MDY0NTYyNTI2MzM5Ijp7InR5cGUiOiJ1c2VyIiwicm9sZSI6Im93bmVyIiwiZG9tYWluIjpudWxsfSwiMDg0MjE5NzAyNjMyNDE3NzQxNjMiOnsidHlwZSI6InVzZXIiLCJyb2xlIjoid3JpdGVyIiwiZG9tYWluIjpudWxsfX19LCJleHBvcnRBcyI6W10sIm1ldGFEYXRhIjp7IndpZHRoIjo0MDAwLCJoZWlnaHQiOjMwMDB9LCJpc0ZvbGRlciI6ZmFsc2V9LHsiaWQiOiIxRnloOUFLTS10TWZZZ3Z4Wm1zUW5qNWkzSHRiUHJBMWYiLCJuYW1lIjoiV3NwXHUwMGYzbG5vdGEyLmpwZyIsInR5cGUiOiJpbWFnZVwvanBlZyIsInNpemUiOiIxNDk3NTMiLCJpY29uTGluayI6Imh0dHBzOlwvXC9kcml2ZS10aGlyZHBhcnR5Lmdvb2dsZXVzZXJjb250ZW50LmNvbVwvMTZcL3R5cGVcL2ltYWdlXC9qcGVnIiwidGh1bWJuYWlsTGluayI6Imh0dHBzOlwvXC9saDMuZ29vZ2xldXNlcmNvbnRlbnQuY29tXC9kcml2ZS1zdG9yYWdlXC9BSlFXdEJOVEVWcG1XV2dJVXZHeGZYUHlIaExDbFRRRjY0ejlnRFBOb1VISmcxTUNqc3BWXzBwakVDdWlGbmRvdk9ZYkpPcU9zN3VRdTkybGJCSUJqbjlodEp1RTNRQ1dzMjM1aWEyQ2ZPcnQ3eXJtV1IwPXMyMjAiLCJ3ZWJWaWV3TGluayI6Imh0dHBzOlwvXC9kcml2ZS5nb29nbGUuY29tXC9maWxlXC9kXC8xRnloOUFLTS10TWZZZ3Z4Wm1zUW5qNWkzSHRiUHJBMWZcL3ZpZXc\/dXNwPWRyaXZlc2RrIiwid2ViQ29udGVudExpbmsiOiJodHRwczpcL1wvZHJpdmUuZ29vZ2xlLmNvbVwvdWM\/aWQ9MUZ5aDlBS00tdE1mWWd2eFptc1FuajVpM0h0YlByQTFmJmV4cG9ydD1kb3dubG9hZCIsImNyZWF0ZWQiOiIyMDI0LTA1LTIyVDE0OjA4OjAwLjA0OFoiLCJ1cGRhdGVkIjoiMjAyNC0wNS0yMlQxNDowNzo0Ny4wMDBaIiwiZGVzY3JpcHRpb24iOm51bGwsInNoYXJlZCI6dHJ1ZSwic2hhcmVkV2l0aE1lVGltZSI6bnVsbCwiZXh0ZW5zaW9uIjoianBnIiwicmVzb3VyY2VLZXkiOm51bGwsImNvcHlSZXF1aXJlc1dyaXRlclBlcm1pc3Npb24iOmZhbHNlLCJzdGFycmVkIjpmYWxzZSwiZXhwb3J0TGlua3MiOm51bGwsImFjY291bnRJZCI6IjA5ODcxMjM0MDY0NTYyNTI2MzM5IiwicGFyZW50cyI6WyIxQlNEY2lBZXhjdmdHWjNVS1RWRXNLS2UxZWJ0cFVqMDEiXSwicGVybWlzc2lvbnMiOnsiY2FuUHJldmlldyI6dHJ1ZSwiY2FuRG93bmxvYWQiOnRydWUsImNhbkVkaXQiOmZhbHNlLCJjYW5EZWxldGUiOnRydWUsImNhblRyYXNoIjp0cnVlLCJjYW5Nb3ZlIjp0cnVlLCJjYW5SZW5hbWUiOnRydWUsImNhblNoYXJlIjp0cnVlLCJjb3B5UmVxdWlyZXNXcml0ZXJQZXJtaXNzaW9uIjpmYWxzZSwiY2FuQ2hhbmdlQ29weVJlcXVpcmVzV3JpdGVyUGVybWlzc2lvbiI6bnVsbCwidXNlcnMiOnsiMDg5NTQ5MjM1Njc3NjY2MDI4OTQiOnsidHlwZSI6InVzZXIiLCJyb2xlIjoid3JpdGVyIiwiZG9tYWluIjpudWxsfSwiMTQ4Nzk0MjAzNjgxMzk5MTIyNTkiOnsidHlwZSI6InVzZXIiLCJyb2xlIjoid3JpdGVyIiwiZG9tYWluIjpudWxsfSwiMDM4Njc1MTU3NzczNzM0ODI5MzEiOnsidHlwZSI6InVzZXIiLCJyb2xlIjoid3JpdGVyIiwiZG9tYWluIjpudWxsfSwiMDk4NzEyMzQwNjQ1NjI1MjYzMzkiOnsidHlwZSI6InVzZXIiLCJyb2xlIjoib3duZXIiLCJkb21haW4iOm51bGx9LCIwODQyMTk3MDI2MzI0MTc3NDE2MyI6eyJ0eXBlIjoidXNlciIsInJvbGUiOiJ3cml0ZXIiLCJkb21haW4iOm51bGx9fX0sImV4cG9ydEFzIjpbXSwibWV0YURhdGEiOnsid2lkdGgiOjExODUsImhlaWdodCI6ODg5fSwiaXNGb2xkZXIiOmZhbHNlfSx7ImlkIjoiMWJoNDQ0cFNCQXFRTE1wUVhFMGp6VS1ud2xweFJGM2R0IiwibmFtZSI6IldzcFx1MDBmM2xub3RhXHUwMTVhd1Bhd1x1MDE0MmEuanBnIiwidHlwZSI6ImltYWdlXC9qcGVnIiwic2l6ZSI6IjEwNjU1NTciLCJpY29uTGluayI6Imh0dHBzOlwvXC9kcml2ZS10aGlyZHBhcnR5Lmdvb2dsZXVzZXJjb250ZW50LmNvbVwvMTZcL3R5cGVcL2ltYWdlXC9qcGVnIiwidGh1bWJuYWlsTGluayI6Imh0dHBzOlwvXC9saDMuZ29vZ2xldXNlcmNvbnRlbnQuY29tXC9kcml2ZS1zdG9yYWdlXC9BSlFXdEJOeXNRSWh1aGlpT21VdUxRd2ZuODZFazdwbjdiWGdvQy1QaEJpb1k4Rmg5UFQtbEZsSWgzTmtTdVdsamNhcGZsNnJDLTdERXlKMWk1OWdveklnN0ZydldmamE4MU8tOWJQVjNXZElkLVFhcExVPXMyMjAiLCJ3ZWJWaWV3TGluayI6Imh0dHBzOlwvXC9kcml2ZS5nb29nbGUuY29tXC9maWxlXC9kXC8xYmg0NDRwU0JBcVFMTXBRWEUwanpVLW53bHB4UkYzZHRcL3ZpZXc\/dXNwPWRyaXZlc2RrIiwid2ViQ29udGVudExpbmsiOiJodHRwczpcL1wvZHJpdmUuZ29vZ2xlLmNvbVwvdWM\/aWQ9MWJoNDQ0cFNCQXFRTE1wUVhFMGp6VS1ud2xweFJGM2R0JmV4cG9ydD1kb3dubG9hZCIsImNyZWF0ZWQiOiIyMDI0LTA1LTIyVDE0OjAyOjE0LjQ3MVoiLCJ1cGRhdGVkIjoiMjAyNC0wNS0yMlQxNDowMToyMi4wMDBaIiwiZGVzY3JpcHRpb24iOm51bGwsInNoYXJlZCI6dHJ1ZSwic2hhcmVkV2l0aE1lVGltZSI6bnVsbCwiZXh0ZW5zaW9uIjoianBnIiwicmVzb3VyY2VLZXkiOm51bGwsImNvcHlSZXF1aXJlc1dyaXRlclBlcm1pc3Npb24iOmZhbHNlLCJzdGFycmVkIjpmYWxzZSwiZXhwb3J0TGlua3MiOm51bGwsImFjY291bnRJZCI6IjA5ODcxMjM0MDY0NTYyNTI2MzM5IiwicGFyZW50cyI6WyIxQlNEY2lBZXhjdmdHWjNVS1RWRXNLS2UxZWJ0cFVqMDEiXSwicGVybWlzc2lvbnMiOnsiY2FuUHJldmlldyI6dHJ1ZSwiY2FuRG93bmxvYWQiOnRydWUsImNhbkVkaXQiOmZhbHNlLCJjYW5EZWxldGUiOnRydWUsImNhblRyYXNoIjp0cnVlLCJjYW5Nb3ZlIjp0cnVlLCJjYW5SZW5hbWUiOnRydWUsImNhblNoYXJlIjp0cnVlLCJjb3B5UmVxdWlyZXNXcml0ZXJQZXJtaXNzaW9uIjpmYWxzZSwiY2FuQ2hhbmdlQ29weVJlcXVpcmVzV3JpdGVyUGVybWlzc2lvbiI6bnVsbCwidXNlcnMiOnsiMDg5NTQ5MjM1Njc3NjY2MDI4OTQiOnsidHlwZSI6InVzZXIiLCJyb2xlIjoid3JpdGVyIiwiZG9tYWluIjpudWxsfSwiMTQ4Nzk0MjAzNjgxMzk5MTIyNTkiOnsidHlwZSI6InVzZXIiLCJyb2xlIjoid3JpdGVyIiwiZG9tYWluIjpudWxsfSwiMDM4Njc1MTU3NzczNzM0ODI5MzEiOnsidHlwZSI6InVzZXIiLCJyb2xlIjoid3JpdGVyIiwiZG9tYWluIjpudWxsfSwiMDk4NzEyMzQwNjQ1NjI1MjYzMzkiOnsidHlwZSI6InVzZXIiLCJyb2xlIjoib3duZXIiLCJkb21haW4iOm51bGx9LCIwODQyMTk3MDI2MzI0MTc3NDE2MyI6eyJ0eXBlIjoidXNlciIsInJvbGUiOiJ3cml0ZXIiLCJkb21haW4iOm51bGx9fX0sImV4cG9ydEFzIjpbXSwibWV0YURhdGEiOnsid2lkdGgiOjMyODcsImhlaWdodCI6MjA3M30sImlzRm9sZGVyIjpmYWxzZX0seyJpZCI6IjF2X2JwTlFJVVJTQ0QwWU80VTc4OHc1eEV2S24wVTlfQyIsIm5hbWUiOiJXc3BcdTAwZjNsbm90YTQuanBnIiwidHlwZSI6ImltYWdlXC9qcGVnIiwic2l6ZSI6IjUwNjI1NiIsImljb25MaW5rIjoiaHR0cHM6XC9cL2RyaXZlLXRoaXJkcGFydHkuZ29vZ2xldXNlcmNvbnRlbnQuY29tXC8xNlwvdHlwZVwvaW1hZ2VcL2pwZWciLCJ0aHVtYm5haWxMaW5rIjoiaHR0cHM6XC9cL2xoMy5nb29nbGV1c2VyY29udGVudC5jb21cL2RyaXZlLXN0b3JhZ2VcL0FKUVd0Qk9WRHRaYi13ejRBYV81alJxWFlMQXU4T1c4dXNtY2M1RHVuQVFvQ3FLOThRZm9qM1hycEd2R0FlN1VkRGlqUk5sRW9WR3VXV2czaUpad254djBFcmdJejJQcmNmRlB5R0NkOHI5Y1NEX21WMkk9czIyMCIsIndlYlZpZXdMaW5rIjoiaHR0cHM6XC9cL2RyaXZlLmdvb2dsZS5jb21cL2ZpbGVcL2RcLzF2X2JwTlFJVVJTQ0QwWU80VTc4OHc1eEV2S24wVTlfQ1wvdmlldz91c3A9ZHJpdmVzZGsiLCJ3ZWJDb250ZW50TGluayI6Imh0dHBzOlwvXC9kcml2ZS5nb29nbGUuY29tXC91Yz9pZD0xdl9icE5RSVVSU0NEMFlPNFU3ODh3NXhFdktuMFU5X0MmZXhwb3J0PWRvd25sb2FkIiwiY3JlYXRlZCI6IjIwMjUtMDEtMjlUMTE6Mzg6MjMuNTQxWiIsInVwZGF0ZWQiOiIyMDI1LTAxLTI5VDExOjM3OjQ5LjAwMFoiLCJkZXNjcmlwdGlvbiI6bnVsbCwic2hhcmVkIjp0cnVlLCJzaGFyZWRXaXRoTWVUaW1lIjpudWxsLCJleHRlbnNpb24iOiJqcGciLCJyZXNvdXJjZUtleSI6bnVsbCwiY29weVJlcXVpcmVzV3JpdGVyUGVybWlzc2lvbiI6ZmFsc2UsInN0YXJyZWQiOmZhbHNlLCJleHBvcnRMaW5rcyI6bnVsbCwiYWNjb3VudElkIjoiMDk4NzEyMzQwNjQ1NjI1MjYzMzkiLCJwYXJlbnRzIjpbIjFCU0RjaUFleGN2Z0daM1VLVFZFc0tLZTFlYnRwVWowMSJdLCJwZXJtaXNzaW9ucyI6eyJjYW5QcmV2aWV3Ijp0cnVlLCJjYW5Eb3dubG9hZCI6dHJ1ZSwiY2FuRWRpdCI6ZmFsc2UsImNhbkRlbGV0ZSI6dHJ1ZSwiY2FuVHJhc2giOnRydWUsImNhbk1vdmUiOnRydWUsImNhblJlbmFtZSI6dHJ1ZSwiY2FuU2hhcmUiOnRydWUsImNvcHlSZXF1aXJlc1dyaXRlclBlcm1pc3Npb24iOmZhbHNlLCJjYW5DaGFuZ2VDb3B5UmVxdWlyZXNXcml0ZXJQZXJtaXNzaW9uIjpudWxsLCJ1c2VycyI6eyIwODk1NDkyMzU2Nzc2NjYwMjg5NCI6eyJ0eXBlIjoidXNlciIsInJvbGUiOiJ3cml0ZXIiLCJkb21haW4iOm51bGx9LCIxNDg3OTQyMDM2ODEzOTkxMjI1OSI6eyJ0eXBlIjoidXNlciIsInJvbGUiOiJ3cml0ZXIiLCJkb21haW4iOm51bGx9LCIwMzg2NzUxNTc3NzM3MzQ4MjkzMSI6eyJ0eXBlIjoidXNlciIsInJvbGUiOiJ3cml0ZXIiLCJkb21haW4iOm51bGx9LCIwOTg3MTIzNDA2NDU2MjUyNjMzOSI6eyJ0eXBlIjoidXNlciIsInJvbGUiOiJvd25lciIsImRvbWFpbiI6bnVsbH0sIjA4NDIxOTcwMjYzMjQxNzc0MTYzIjp7InR5cGUiOiJ1c2VyIiwicm9sZSI6IndyaXRlciIsImRvbWFpbiI6bnVsbH19fSwiZXhwb3J0QXMiOltdLCJtZXRhRGF0YSI6eyJ3aWR0aCI6MjAwMCwiaGVpZ2h0IjoxNTAwfSwiaXNGb2xkZXIiOmZhbHNlfV0sInNob3dGaWxlcyI6dHJ1ZSwic2hvd0ZvbGRlcnMiOnRydWUsInNvcnQiOnsic29ydEJ5IjoibmFtZSIsInNvcnREaXJlY3Rpb24iOiJhc2MifSwid2lkdGgiOiIxMDAlIiwiaGVpZ2h0IjoiYXV0byIsInZpZXciOiJncmlkIiwibGF6eUxvYWQiOnRydWUsImxhenlMb2FkTnVtYmVyIjoxMDAsIm1heEZpbGVTaXplIjoiIiwiZ2FsbGVyeVN0eWxlIjoic2ltcGxlIiwib3Blbk5ld1RhYiI6dHJ1ZSwiZG93bmxvYWQiOnRydWUsImRpc3BsYXlGb3IiOiJldmVyeW9uZSIsImRpc3BsYXlVc2VycyI6WyJldmVyeW9uZSJdLCJkaXNwbGF5RXhjZXB0IjpbXSwidW5pcXVlSWQiOiJpZ2RfYWdqMmtzIiwiaWQiOjIwLCJ0aXRsZSI6Ik1vZHVsZSgjMjApIC0gU3Ryb25hKCM1MDgpICIsIm5vbmNlIjoiYTg4MWNjOWJjZSIsInByZXZpZXciOnRydWUsImNhbkRlbGV0ZSI6ZmFsc2UsInJlbmFtZSI6ZmFsc2UsInVwbG9hZCI6ZmFsc2UsIm5ld0ZvbGRlciI6ZmFsc2UsIm1vdmVDb3B5IjpmYWxzZSwiYWxsb3dTaGFyZSI6ZmFsc2UsImFsbG93U2VhcmNoIjpmYWxzZSwiY3JlYXRlRG9jIjpmYWxzZSwiZWRpdCI6ZmFsc2UsImNvcHlMaW5rIjpmYWxzZSwiZGV0YWlscyI6ZmFsc2UsImNvbW1lbnQiOmZhbHNlLCJwaG90b1Byb29mIjpmYWxzZSwiZmlsdGVycyI6eyJhbGxvd0V4dGVuc2lvbnMiOiIiLCJhbGxvd0FsbEV4dGVuc2lvbnMiOmZhbHNlLCJhbGxvd0V4Y2VwdEV4dGVuc2lvbnMiOiIiLCJhbGxvd05hbWVzIjoiIiwiYWxsb3dBbGxOYW1lcyI6IiIsImFsbG93RXhjZXB0TmFtZXMiOiIiLCJuYW1lRmlsdGVyT3B0aW9ucyI6WyJmaWxlcyJdLCJzaG93RmlsZXMiOnRydWUsInNob3dGb2xkZXJzIjp0cnVlLCJpc0dhbGxlcnkiOnRydWV9LCJhY2NvdW50cyI6eyIwOTg3MTIzNDA2NDU2MjUyNjMzOSI6eyJpZCI6IjA5ODcxMjM0MDY0NTYyNTI2MzM5IiwibmFtZSI6IiIsImVtYWlsIjoiIiwicGhvdG8iOiJodHRwczpcL1wvbGgzLmdvb2dsZXVzZXJjb250ZW50LmNvbVwvYVwvQUNnOG9jS3prTmtNdzNNaENtR3VVTC1ZWXhOWHg5aEVxcTRsVVFvMkN5ekxPd3dqWVNGX2IyR3M9czY0Iiwic3RvcmFnZSI6eyJ1c2FnZSI6IjQ0NTA2NjU3NTMiLCJsaW1pdCI6IjE2MTA2MTI3MzYwIn0sImxvc3QiOmZhbHNlLCJyb290X2lkIjoiMEFPczRLUWV5Slg3MFVrOVBWQSIsInVzZXJfaWQiOlsiYWRtaW4iXSwiaXNfbG9zdCI6ZmFsc2V9fSwiYWNjb3VudCI6eyJpZCI6IjA5ODcxMjM0MDY0NTYyNTI2MzM5IiwibmFtZSI6IlBhd2VcdTAxNDIgQmllbHNrbyIsImVtYWlsIjoicGFyYWZpYXBhd2VsYmllbHNrb0BnbWFpbC5jb20iLCJwaG90byI6Imh0dHBzOlwvXC9saDMuZ29vZ2xldXNlcmNvbnRlbnQuY29tXC9hXC9BQ2c4b2NLemtOa013M01oQ21HdVVMLVlZeE5YeDloRXFxNGxVUW8yQ3l6TE93d2pZU0ZfYjJHcz1zNjQiLCJzdG9yYWdlIjp7InVzYWdlIjoiNDQ1MDY2NTc1MyIsImxpbWl0IjoiMTYxMDYxMjczNjAifSwibG9zdCI6ZmFsc2UsInJvb3RfaWQiOiIwQU9zNEtRZXlKWDcwVWs5UFZBIiwidXNlcl9pZCI6WyJhZG1pbiJdLCJpc19sb3N0IjpmYWxzZX19\"\n                     style=\"--module-width: 100%; --module-height: ;\"\n                ><\/div>\n                \n\n\n<p><\/p>\n","protected":false},"excerpt":{"rendered":"<p>Jeste\u015bmy wsp\u00f3lnot\u0105 katolick\u0105. Od 2023 r. spotykamy si\u0119 w parafii \u015bw. Paw\u0142a Aposto\u0142a w Bielsku-Bia\u0142ej. Formujemy si\u0119 pod opiek\u0105 ks. wikarego: Przemys\u0142awa Guziora. Wielu z nas wywodzi si\u0119 z Ruchu: \u015awiat\u0142o &#8211; \u017bycie. Wzrastamy w nurcie szk\u00f3\u0142 Nowej Ewangelizacji oraz Szk\u00f3\u0142 \u015aw. Andrzeja. Nasza wsp\u00f3lnota, to osoby w r\u00f3\u017cnym wieku. Formujemy si\u0119 poprzez: Spotykamy si\u0119&hellip; <br \/> <a class=\"read-more\" href=\"https:\/\/parafiaswpawla.pl\/index.php\/wspolnota-ewangelizacyjna-sw-pawla-w-bielsku-bialej\/\">Dowiedz si\u0119 wi\u0119cej<\/a><\/p>\n","protected":false},"author":1,"featured_media":0,"parent":0,"menu_order":0,"comment_status":"closed","ping_status":"closed","template":"","meta":{"footnotes":""},"class_list":["post-508","page","type-page","status-publish","hentry"],"_links":{"self":[{"href":"https:\/\/parafiaswpawla.pl\/index.php\/wp-json\/wp\/v2\/pages\/508","targetHints":{"allow":["GET"]}}],"collection":[{"href":"https:\/\/parafiaswpawla.pl\/index.php\/wp-json\/wp\/v2\/pages"}],"about":[{"href":"https:\/\/parafiaswpawla.pl\/index.php\/wp-json\/wp\/v2\/types\/page"}],"author":[{"embeddable":true,"href":"https:\/\/parafiaswpawla.pl\/index.php\/wp-json\/wp\/v2\/users\/1"}],"replies":[{"embeddable":true,"href":"https:\/\/parafiaswpawla.pl\/index.php\/wp-json\/wp\/v2\/comments?post=508"}],"version-history":[{"count":23,"href":"https:\/\/parafiaswpawla.pl\/index.php\/wp-json\/wp\/v2\/pages\/508\/revisions"}],"predecessor-version":[{"id":903,"href":"https:\/\/parafiaswpawla.pl\/index.php\/wp-json\/wp\/v2\/pages\/508\/revisions\/903"}],"wp:attachment":[{"href":"https:\/\/parafiaswpawla.pl\/index.php\/wp-json\/wp\/v2\/media?parent=508"}],"curies":[{"name":"wp","href":"https:\/\/api.w.org\/{rel}","templated":true}]}}